{"id":4180,"date":"2021-11-26T18:34:58","date_gmt":"2021-11-26T18:34:58","guid":{"rendered":"https:\/\/www.ibizajetskis.com\/product\/jet-ski-tour-to-es-vedra-1h30-guided-adventure-in-ibiza\/"},"modified":"2026-03-20T17:27:49","modified_gmt":"2026-03-20T17:27:49","slug":"excursion-moto-agua-es-vedra","status":"publish","type":"product","link":"https:\/\/www.ibizajetskis.com\/es\/tours\/excursion-moto-agua-es-vedra\/","title":{"rendered":"Excursi\u00f3n en moto de agua a Es Vedr\u00e0 \u2013 Aventura guiada de 1h30 en Ibiza"},"content":{"rendered":"<h2>Descripci\u00f3n general<\/h2>\n<p>Vive uno de los lugares m\u00e1s m\u00e1gicos de Ibiza en una excursi\u00f3n guiada en moto de agua a <strong>Es Vedr\u00e0<\/strong>, la legendaria isla que se eleva casi 400 metros sobre el nivel del mar. Famosa por sus mitos, leyendas y su energ\u00eda \u00fanica, Es Vedr\u00e0 es el destino perfecto tanto para los amantes de la aventura como para los amantes de la naturaleza.<\/p>\n<h2>Qu\u00e9 esperar<\/h2>\n<ul>\n<li>Comienza tu aventura desde Cala Bassa Beach o el Puerto de San Antonio, seg\u00fan tu reserva.<\/li>\n<li>Recibe una explicaci\u00f3n completa de seguridad y formaci\u00f3n en moto de agua por parte de nuestros instructores profesionales.<\/li>\n<li>Navega por la costa oeste de Ibiza, pasando por calas escondidas, acantilados e islotes que pocos visitantes llegan a ver.<\/li>\n<li>Haz paradas durante el recorrido para nadar, hacer snorkel y tomar fotos en aguas cristalinas.<\/li>\n<li>Ac\u00e9rcate a Es Vedr\u00e0 y disfruta de sus impresionantes paisajes y su energ\u00eda \u00fanica.<\/li>\n<\/ul>\n<h2>Puntos destacados de la ruta<\/h2>\n<ul>\n<li><strong>Isla de Es Vedr\u00e0:<\/strong> Majestuosa roca de piedra caliza rodeada de historias m\u00edticas sobre sirenas y la Atl\u00e1ntida.<\/li>\n<li><strong>Cala Bassa y Cala Comte:<\/strong> Espectaculares aguas turquesas ideales para un ba\u00f1o refrescante.<\/li>\n<li><strong>Calas y acantilados escondidos:<\/strong> Explora Cala Tarida, Cala Vadella, Cala d\u2019Hort y la Isla Conejera.<\/li>\n<li><strong>Lugares emblem\u00e1ticos:<\/strong> La torre Torre d\u2019en Rovira y el famoso reloj solar cerca de las puertas de Ibiza.<\/li>\n<\/ul>\n<h2>Informaci\u00f3n adicional<\/h2>\n<ul>\n<li>M\u00e1ximo de personas por moto de agua: 2<\/li>\n<li>Nivel f\u00edsico: Moderado<\/li>\n<li>Accesibilidad: No accesible para sillas de ruedas<\/li>\n<li>No recomendado para: Mujeres embarazadas, personas con problemas de espalda, afecciones card\u00edacas o problemas m\u00e9dicos graves<\/li>\n<li>Cancelaci\u00f3n: Cancelaci\u00f3n gratuita hasta 24 horas antes de la experiencia<\/li>\n<\/ul>\n<h2>\u00bfPor qu\u00e9 elegir esta excursi\u00f3n?<\/h2>\n<ul>\n<li>Gu\u00eda profesional con instructores cualificados<\/li>\n<li>Experiencia completa: nadar, hacer snorkel y explorar lugares secretos<\/li>\n<li>Aventura \u00fanica: descubre de cerca la fuerza y belleza de Es Vedr\u00e0<\/li>\n<li>Todo incluido: moto de agua, chaleco salvavidas, combustible y seguro incluidos<\/li>\n<\/ul>\n<p>\u00bfBuscas m\u00e1s experiencias? Descubre todas nuestras <a href=\"https:\/\/www.ibizajetskis.com\/es\/excursiones-moto-de-agua-ibiza\/\">excursiones en moto de agua en Ibiza<\/a> y explora los lugares m\u00e1s espectaculares de la costa.<\/p>\n","protected":false},"excerpt":{"rendered":"<h2>Excursi\u00f3n en Moto de Agua a Es Vedr\u00e0 \u2013 Aventura Guiada de 1h30 desde San Antonio Ibiza<\/h2>\n<p>Descubre uno de los paisajes m\u00e1s espectaculares de Ibiza con una excursi\u00f3n guiada en moto de agua hacia el legendario islote de Es Vedr\u00e0.<br \/>\nEsta experiencia de 1h30 te permitir\u00e1 recorrer la impresionante costa oeste de la isla, explorar calas escondidas y disfrutar de acantilados \u00fanicos mientras conduces modernas motos de agua Yamaha.<\/p>\n<ul>\n<li><strong>Precio:<\/strong> 250 \u20ac por moto de agua (1\u20132 personas)<\/li>\n<li><strong>Duraci\u00f3n:<\/strong> 1 hora y 30 minutos<\/li>\n<li><strong>Distancia:<\/strong> Aproximadamente 17 millas<\/li>\n<li><strong>Dificultad:<\/strong> F\u00e1cil \u2013 No se requiere experiencia previa<\/li>\n<li><strong>Salida:<\/strong> Bah\u00eda de San Antonio<\/li>\n<li><strong>Instructores:<\/strong> Gu\u00edas profesionales cualificados<\/li>\n<li><strong>Incluye:<\/strong> Chalecos salvavidas, combustible y seguro<\/li>\n<\/ul>\n<p>Disfruta de aguas cristalinas, paisajes costeros impresionantes y uno de los lugares m\u00e1s ic\u00f3nicos de Ibiza en esta inolvidable excursi\u00f3n guiada en moto de agua.<\/p>\n<p><!-- Bokun Booking Widget --><br \/>\n<script type=\"text\/javascript\" src=\"https:\/\/widgets.bokun.io\/assets\/javascripts\/apps\/build\/BokunWidgetsLoader.js?bookingChannelUUID=fa825409-d566-403f-86a8-1a7287d3368d\" async><\/script><\/p>\n<div class=\"bokunWidget\" data-src=\"https:\/\/widgets.bokun.io\/online-sales\/fa825409-d566-403f-86a8-1a7287d3368d\/experience-calendar\/1078136\"><\/div>\n<p><noscript>Activa JavaScript en tu navegador para reservar<\/noscript><\/p>\n","protected":false},"featured_media":4025,"comment_status":"open","ping_status":"closed","template":"","meta":{"_joinchat":[]},"product_brand":[254],"product_cat":[199],"product_tag":[219,220,221,222,223,224,225,210,226,227],"class_list":{"0":"post-4180","1":"product","2":"type-product","3":"status-publish","4":"has-post-thumbnail","6":"product_brand-ibizajetskis","7":"product_cat-ibiza-jetski-tours","8":"product_tag-cala-bassa-jet-ski","9":"product_tag-es-vedra-jet-ski","10":"product_tag-guided-jet-ski-ibiza","11":"product_tag-hidden-coves-ibiza","12":"product_tag-ibiza-adventure-tours","13":"product_tag-ibiza-boat-trips","14":"product_tag-ibiza-jet-ski-tour","15":"product_tag-ibiza-water-activities","16":"product_tag-san-antonio-jet-ski-tours","17":"product_tag-snorkeling-ibiza","19":"first","20":"instock","21":"shipping-taxable","22":"purchasable","23":"product-type-simple"},"yoast_head":"<!-- This site is optimized with the Yoast SEO plugin v27.1.1 - https:\/\/yoast.com\/product\/yoast-seo-wordpress\/ -->\n<title>Excursi\u00f3n en moto de agua a Es Vedr\u00e0 | Aventura guiada en Ibiza<\/title>\n<meta name=\"description\" content=\"Disfruta de una excursi\u00f3n guiada de 1h30 en moto de agua a Es Vedr\u00e0 en Ibiza. Nada, haz snorkel y explora calas escondidas con instructores profesionales. \u00a1Reserva tu aventura hoy!\" \/>\n<meta name=\"robots\" content=\"index, follow, max-snippet:-1, max-image-preview:large, max-video-preview:-1\" \/>\n<link rel=\"canonical\" href=\"https:\/\/www.ibizajetskis.com\/es\/tours\/excursion-moto-agua-es-vedra\/\" \/>\n<meta property=\"og:locale\" content=\"es_ES\" \/>\n<meta property=\"og:type\" content=\"article\" \/>\n<meta property=\"og:title\" content=\"Excursi\u00f3n en moto de agua a Es Vedr\u00e0 \u2013 Aventura guiada en Ibiza\" \/>\n<meta property=\"og:description\" content=\"\u00danete a nuestra excursi\u00f3n de 1h30 en moto de agua a Es Vedr\u00e0 en Ibiza. Descubre calas escondidas, nada en aguas turquesas y explora de cerca la legendaria isla.\" \/>\n<meta property=\"og:url\" content=\"https:\/\/www.ibizajetskis.com\/es\/tours\/excursion-moto-agua-es-vedra\/\" \/>\n<meta property=\"og:site_name\" content=\"Ibiza Jet Skis\" \/>\n<meta property=\"article:modified_time\" content=\"2026-03-20T17:27:49+00:00\" \/>\n<meta property=\"og:image\" content=\"https:\/\/www.ibizajetskis.com\/wp-content\/uploads\/2022\/12\/Jetski-Tour-Es-Vedra-Ibiza-.jpg\" \/>\n\t<meta property=\"og:image:width\" content=\"800\" \/>\n\t<meta property=\"og:image:height\" content=\"600\" \/>\n\t<meta property=\"og:image:type\" content=\"image\/jpeg\" \/>\n<meta name=\"twitter:card\" content=\"summary_large_image\" \/>\n<meta name=\"twitter:title\" content=\"Excursi\u00f3n en moto de agua a Es Vedr\u00e0 en Ibiza \u2013 Aventura guiada de 1h30\" \/>\n<meta name=\"twitter:description\" content=\"Explora Es Vedr\u00e0 en una excursi\u00f3n de 1h30 en moto de agua en Ibiza. Nada, haz snorkel y descubre calas escondidas con instructores profesionales. Reserva tu aventura ahora.\" \/>\n<meta name=\"twitter:image\" content=\"https:\/\/www.ibizajetskis.com\/wp-content\/uploads\/2021\/11\/Tour-Jetski-to-Es-Vedra-Ibiza-.jpg\" \/>\n<meta name=\"twitter:label1\" content=\"Tiempo de lectura\" \/>\n\t<meta name=\"twitter:data1\" content=\"2 minutos\" \/>\n<script type=\"application\/ld+json\" class=\"yoast-schema-graph\">{\"@context\":\"https:\/\/schema.org\",\"@graph\":[{\"@type\":\"WebPage\",\"@id\":\"https:\/\/www.ibizajetskis.com\/es\/tours\/excursion-moto-agua-es-vedra\/\",\"url\":\"https:\/\/www.ibizajetskis.com\/es\/tours\/excursion-moto-agua-es-vedra\/\",\"name\":\"Excursi\u00f3n en moto de agua a Es Vedr\u00e0 | Aventura guiada en Ibiza\",\"isPartOf\":{\"@id\":\"https:\/\/www.ibizajetskis.com\/es\/#website\"},\"primaryImageOfPage\":{\"@id\":\"https:\/\/www.ibizajetskis.com\/es\/tours\/excursion-moto-agua-es-vedra\/#primaryimage\"},\"image\":{\"@id\":\"https:\/\/www.ibizajetskis.com\/es\/tours\/excursion-moto-agua-es-vedra\/#primaryimage\"},\"thumbnailUrl\":\"https:\/\/www.ibizajetskis.com\/wp-content\/uploads\/2021\/11\/Tour-Jetski-to-Es-Vedra-Ibiza-.jpg\",\"datePublished\":\"2021-11-26T18:34:58+00:00\",\"dateModified\":\"2026-03-20T17:27:49+00:00\",\"description\":\"Disfruta de una excursi\u00f3n guiada de 1h30 en moto de agua a Es Vedr\u00e0 en Ibiza. Nada, haz snorkel y explora calas escondidas con instructores profesionales. \u00a1Reserva tu aventura hoy!\",\"breadcrumb\":{\"@id\":\"https:\/\/www.ibizajetskis.com\/es\/tours\/excursion-moto-agua-es-vedra\/#breadcrumb\"},\"inLanguage\":\"es\",\"potentialAction\":[{\"@type\":\"ReadAction\",\"target\":[\"https:\/\/www.ibizajetskis.com\/es\/tours\/excursion-moto-agua-es-vedra\/\"]}]},{\"@type\":\"ImageObject\",\"inLanguage\":\"es\",\"@id\":\"https:\/\/www.ibizajetskis.com\/es\/tours\/excursion-moto-agua-es-vedra\/#primaryimage\",\"url\":\"https:\/\/www.ibizajetskis.com\/wp-content\/uploads\/2021\/11\/Tour-Jetski-to-Es-Vedra-Ibiza-.jpg\",\"contentUrl\":\"https:\/\/www.ibizajetskis.com\/wp-content\/uploads\/2021\/11\/Tour-Jetski-to-Es-Vedra-Ibiza-.jpg\",\"width\":1024,\"height\":768,\"caption\":\"Excursi\u00f3n en Moto de Agua a Es Vedr\u00e0, Ibiza\"},{\"@type\":\"BreadcrumbList\",\"@id\":\"https:\/\/www.ibizajetskis.com\/es\/tours\/excursion-moto-agua-es-vedra\/#breadcrumb\",\"itemListElement\":[{\"@type\":\"ListItem\",\"position\":1,\"name\":\"Home\",\"item\":\"https:\/\/www.ibizajetskis.com\/es\/jet-ski-tours-ibiza\/\"},{\"@type\":\"ListItem\",\"position\":2,\"name\":\"Productos\",\"item\":\"https:\/\/www.ibizajetskis.com\/es\/shop\/\"},{\"@type\":\"ListItem\",\"position\":3,\"name\":\"Excursi\u00f3n en moto de agua a Es Vedr\u00e0 \u2013 Aventura guiada de 1h30 en Ibiza\"}]},{\"@type\":\"WebSite\",\"@id\":\"https:\/\/www.ibizajetskis.com\/es\/#website\",\"url\":\"https:\/\/www.ibizajetskis.com\/es\/\",\"name\":\"ibizajetskis\",\"description\":\"Discover Ibiza\u2019s coastline with safe, guided jet ski tours and licensed rentals.\",\"publisher\":{\"@id\":\"https:\/\/www.ibizajetskis.com\/es\/#organization\"},\"potentialAction\":[{\"@type\":\"SearchAction\",\"target\":{\"@type\":\"EntryPoint\",\"urlTemplate\":\"https:\/\/www.ibizajetskis.com\/es\/?s={search_term_string}\"},\"query-input\":{\"@type\":\"PropertyValueSpecification\",\"valueRequired\":true,\"valueName\":\"search_term_string\"}}],\"inLanguage\":\"es\"},{\"@type\":\"Organization\",\"@id\":\"https:\/\/www.ibizajetskis.com\/es\/#organization\",\"name\":\"ibizajetskis\",\"url\":\"https:\/\/www.ibizajetskis.com\/es\/\",\"logo\":{\"@type\":\"ImageObject\",\"inLanguage\":\"es\",\"@id\":\"https:\/\/www.ibizajetskis.com\/es\/#\/schema\/logo\/image\/\",\"url\":\"https:\/\/www.ibizajetskis.com\/wp-content\/uploads\/2026\/01\/Ibiza-jetskis-tours-rentals-Logo.webp\",\"contentUrl\":\"https:\/\/www.ibizajetskis.com\/wp-content\/uploads\/2026\/01\/Ibiza-jetskis-tours-rentals-Logo.webp\",\"width\":1024,\"height\":372,\"caption\":\"ibizajetskis\"},\"image\":{\"@id\":\"https:\/\/www.ibizajetskis.com\/es\/#\/schema\/logo\/image\/\"}}]}<\/script>\n<!-- \/ Yoast SEO plugin. -->","yoast_head_json":{"title":"Excursi\u00f3n en moto de agua a Es Vedr\u00e0 | Aventura guiada en Ibiza","description":"Disfruta de una excursi\u00f3n guiada de 1h30 en moto de agua a Es Vedr\u00e0 en Ibiza. Nada, haz snorkel y explora calas escondidas con instructores profesionales. \u00a1Reserva tu aventura hoy!","robots":{"index":"index","follow":"follow","max-snippet":"max-snippet:-1","max-image-preview":"max-image-preview:large","max-video-preview":"max-video-preview:-1"},"canonical":"https:\/\/www.ibizajetskis.com\/es\/tours\/excursion-moto-agua-es-vedra\/","og_locale":"es_ES","og_type":"article","og_title":"Excursi\u00f3n en moto de agua a Es Vedr\u00e0 \u2013 Aventura guiada en Ibiza","og_description":"\u00danete a nuestra excursi\u00f3n de 1h30 en moto de agua a Es Vedr\u00e0 en Ibiza. Descubre calas escondidas, nada en aguas turquesas y explora de cerca la legendaria isla.","og_url":"https:\/\/www.ibizajetskis.com\/es\/tours\/excursion-moto-agua-es-vedra\/","og_site_name":"Ibiza Jet Skis","article_modified_time":"2026-03-20T17:27:49+00:00","og_image":[{"width":800,"height":600,"url":"https:\/\/www.ibizajetskis.com\/wp-content\/uploads\/2022\/12\/Jetski-Tour-Es-Vedra-Ibiza-.jpg","type":"image\/jpeg"}],"twitter_card":"summary_large_image","twitter_title":"Excursi\u00f3n en moto de agua a Es Vedr\u00e0 en Ibiza \u2013 Aventura guiada de 1h30","twitter_description":"Explora Es Vedr\u00e0 en una excursi\u00f3n de 1h30 en moto de agua en Ibiza. Nada, haz snorkel y descubre calas escondidas con instructores profesionales. Reserva tu aventura ahora.","twitter_image":"https:\/\/www.ibizajetskis.com\/wp-content\/uploads\/2021\/11\/Tour-Jetski-to-Es-Vedra-Ibiza-.jpg","twitter_misc":{"Tiempo de lectura":"2 minutos"},"schema":{"@context":"https:\/\/schema.org","@graph":[{"@type":"WebPage","@id":"https:\/\/www.ibizajetskis.com\/es\/tours\/excursion-moto-agua-es-vedra\/","url":"https:\/\/www.ibizajetskis.com\/es\/tours\/excursion-moto-agua-es-vedra\/","name":"Excursi\u00f3n en moto de agua a Es Vedr\u00e0 | Aventura guiada en Ibiza","isPartOf":{"@id":"https:\/\/www.ibizajetskis.com\/es\/#website"},"primaryImageOfPage":{"@id":"https:\/\/www.ibizajetskis.com\/es\/tours\/excursion-moto-agua-es-vedra\/#primaryimage"},"image":{"@id":"https:\/\/www.ibizajetskis.com\/es\/tours\/excursion-moto-agua-es-vedra\/#primaryimage"},"thumbnailUrl":"https:\/\/www.ibizajetskis.com\/wp-content\/uploads\/2021\/11\/Tour-Jetski-to-Es-Vedra-Ibiza-.jpg","datePublished":"2021-11-26T18:34:58+00:00","dateModified":"2026-03-20T17:27:49+00:00","description":"Disfruta de una excursi\u00f3n guiada de 1h30 en moto de agua a Es Vedr\u00e0 en Ibiza. Nada, haz snorkel y explora calas escondidas con instructores profesionales. \u00a1Reserva tu aventura hoy!","breadcrumb":{"@id":"https:\/\/www.ibizajetskis.com\/es\/tours\/excursion-moto-agua-es-vedra\/#breadcrumb"},"inLanguage":"es","potentialAction":[{"@type":"ReadAction","target":["https:\/\/www.ibizajetskis.com\/es\/tours\/excursion-moto-agua-es-vedra\/"]}]},{"@type":"ImageObject","inLanguage":"es","@id":"https:\/\/www.ibizajetskis.com\/es\/tours\/excursion-moto-agua-es-vedra\/#primaryimage","url":"https:\/\/www.ibizajetskis.com\/wp-content\/uploads\/2021\/11\/Tour-Jetski-to-Es-Vedra-Ibiza-.jpg","contentUrl":"https:\/\/www.ibizajetskis.com\/wp-content\/uploads\/2021\/11\/Tour-Jetski-to-Es-Vedra-Ibiza-.jpg","width":1024,"height":768,"caption":"Excursi\u00f3n en Moto de Agua a Es Vedr\u00e0, Ibiza"},{"@type":"BreadcrumbList","@id":"https:\/\/www.ibizajetskis.com\/es\/tours\/excursion-moto-agua-es-vedra\/#breadcrumb","itemListElement":[{"@type":"ListItem","position":1,"name":"Home","item":"https:\/\/www.ibizajetskis.com\/es\/jet-ski-tours-ibiza\/"},{"@type":"ListItem","position":2,"name":"Productos","item":"https:\/\/www.ibizajetskis.com\/es\/shop\/"},{"@type":"ListItem","position":3,"name":"Excursi\u00f3n en moto de agua a Es Vedr\u00e0 \u2013 Aventura guiada de 1h30 en Ibiza"}]},{"@type":"WebSite","@id":"https:\/\/www.ibizajetskis.com\/es\/#website","url":"https:\/\/www.ibizajetskis.com\/es\/","name":"ibizajetskis","description":"Discover Ibiza\u2019s coastline with safe, guided jet ski tours and licensed rentals.","publisher":{"@id":"https:\/\/www.ibizajetskis.com\/es\/#organization"},"potentialAction":[{"@type":"SearchAction","target":{"@type":"EntryPoint","urlTemplate":"https:\/\/www.ibizajetskis.com\/es\/?s={search_term_string}"},"query-input":{"@type":"PropertyValueSpecification","valueRequired":true,"valueName":"search_term_string"}}],"inLanguage":"es"},{"@type":"Organization","@id":"https:\/\/www.ibizajetskis.com\/es\/#organization","name":"ibizajetskis","url":"https:\/\/www.ibizajetskis.com\/es\/","logo":{"@type":"ImageObject","inLanguage":"es","@id":"https:\/\/www.ibizajetskis.com\/es\/#\/schema\/logo\/image\/","url":"https:\/\/www.ibizajetskis.com\/wp-content\/uploads\/2026\/01\/Ibiza-jetskis-tours-rentals-Logo.webp","contentUrl":"https:\/\/www.ibizajetskis.com\/wp-content\/uploads\/2026\/01\/Ibiza-jetskis-tours-rentals-Logo.webp","width":1024,"height":372,"caption":"ibizajetskis"},"image":{"@id":"https:\/\/www.ibizajetskis.com\/es\/#\/schema\/logo\/image\/"}}]}},"_links":{"self":[{"href":"https:\/\/www.ibizajetskis.com\/es\/wp-json\/wp\/v2\/product\/4180","targetHints":{"allow":["GET"]}}],"collection":[{"href":"https:\/\/www.ibizajetskis.com\/es\/wp-json\/wp\/v2\/product"}],"about":[{"href":"https:\/\/www.ibizajetskis.com\/es\/wp-json\/wp\/v2\/types\/product"}],"replies":[{"embeddable":true,"href":"https:\/\/www.ibizajetskis.com\/es\/wp-json\/wp\/v2\/comments?post=4180"}],"wp:featuredmedia":[{"embeddable":true,"href":"https:\/\/www.ibizajetskis.com\/es\/wp-json\/wp\/v2\/media\/4025"}],"wp:attachment":[{"href":"https:\/\/www.ibizajetskis.com\/es\/wp-json\/wp\/v2\/media?parent=4180"}],"wp:term":[{"taxonomy":"product_brand","embeddable":true,"href":"https:\/\/www.ibizajetskis.com\/es\/wp-json\/wp\/v2\/product_brand?post=4180"},{"taxonomy":"product_cat","embeddable":true,"href":"https:\/\/www.ibizajetskis.com\/es\/wp-json\/wp\/v2\/product_cat?post=4180"},{"taxonomy":"product_tag","embeddable":true,"href":"https:\/\/www.ibizajetskis.com\/es\/wp-json\/wp\/v2\/product_tag?post=4180"}],"curies":[{"name":"wp","href":"https:\/\/api.w.org\/{rel}","templated":true}]}}